{"id":33,"date":"2017-04-18T14:22:27","date_gmt":"2017-04-18T14:22:27","guid":{"rendered":"http:\/\/www.hibeef.ch\/?page_id=33"},"modified":"2017-04-18T14:40:19","modified_gmt":"2017-04-18T14:40:19","slug":"angebote","status":"publish","type":"page","link":"https:\/\/www.hibeef.ch\/?page_id=33","title":{"rendered":"Angebote"},"content":{"rendered":"<ul>\n<li style=\"text-align: left;\"><strong>Hochlandrindfleisch<\/strong><\/li>\n<\/ul>\n<p>Im Mischpaket \u201etraditionell und modern\u201c \u00e0 ca. 5 oder 10 kg portioniert, vacuumiert und etikettiert.<\/p>\n<ul>\n<li><em><span lang=\"DE-CH\" xml:lang=\"DE-CH\">Hackfleisch<\/span><\/em><\/li>\n<li><em><span lang=\"DE-CH\" xml:lang=\"DE-CH\">Siedfleisch<img loading=\"lazy\" decoding=\"async\" class=\" wp-image-37 alignright\" src=\"https:\/\/www.hibeef.ch\/wp-content\/uploads\/2017\/04\/HiBeefFleisch-300x231.jpg\" alt=\"\" width=\"194\" height=\"149\" srcset=\"https:\/\/www.hibeef.ch\/wp-content\/uploads\/2017\/04\/HiBeefFleisch-300x231.jpg 300w, https:\/\/www.hibeef.ch\/wp-content\/uploads\/2017\/04\/HiBeefFleisch.jpg 535w\" sizes=\"auto, (max-width: 194px) 100vw, 194px\" \/><\/span><\/em><\/li>\n<li><em><span lang=\"DE-CH\" xml:lang=\"DE-CH\">Ragout<\/span><\/em><\/li>\n<li><em><span lang=\"DE-CH\" xml:lang=\"DE-CH\">Entrec\u00f4te<\/span><\/em><\/li>\n<li><em><span lang=\"DE-CH\" xml:lang=\"DE-CH\">Geschnetzeltes<\/span><\/em><\/li>\n<li><em><span lang=\"DE-CH\" xml:lang=\"DE-CH\">Huft und oder Filet<\/span><\/em><\/li>\n<li><em><span lang=\"DE-CH\" xml:lang=\"DE-CH\">Braten<\/span><\/em><\/li>\n<li><em><span lang=\"DE-CH\" xml:lang=\"DE-CH\">Hamburger<\/span><\/em><\/li>\n<li><em><span lang=\"DE-CH\" xml:lang=\"DE-CH\">Saftpl\u00e4tzli<\/span><\/em><\/li>\n<li><em><span lang=\"DE-CH\" xml:lang=\"DE-CH\">Haxe<\/span><\/em><\/li>\n<li><em><span lang=\"DE-CH\" xml:lang=\"DE-CH\">Pl\u00e4tzli \u00e0 la minute<\/span><\/em><\/li>\n<\/ul>\n<p>Alles ist auch einzel erh\u00e4ltlich<\/p>\n","protected":false},"excerpt":{"rendered":"<p>Hochlandrindfleisch Im Mischpaket \u201etraditionell und modern\u201c \u00e0 ca. 5 oder 10 kg portioniert, vacuumiert und etikettiert. Hackfleisch Siedfleisch Ragout Entrec\u00f4te Geschnetzeltes Huft und oder Filet Braten Hamburger Saftpl\u00e4tzli Haxe Pl\u00e4tzli \u00e0 la minute Alles ist auch einzel erh\u00e4ltlich<\/p>\n","protected":false},"author":1,"featured_media":0,"parent":0,"menu_order":1,"comment_status":"closed","ping_status":"closed","template":"","meta":{"footnotes":""},"class_list":["post-33","page","type-page","status-publish","hentry"],"_links":{"self":[{"href":"https:\/\/www.hibeef.ch\/index.php?rest_route=\/wp\/v2\/pages\/33","targetHints":{"allow":["GET"]}}],"collection":[{"href":"https:\/\/www.hibeef.ch\/index.php?rest_route=\/wp\/v2\/pages"}],"about":[{"href":"https:\/\/www.hibeef.ch\/index.php?rest_route=\/wp\/v2\/types\/page"}],"author":[{"embeddable":true,"href":"https:\/\/www.hibeef.ch\/index.php?rest_route=\/wp\/v2\/users\/1"}],"replies":[{"embeddable":true,"href":"https:\/\/www.hibeef.ch\/index.php?rest_route=%2Fwp%2Fv2%2Fcomments&post=33"}],"version-history":[{"count":0,"href":"https:\/\/www.hibeef.ch\/index.php?rest_route=\/wp\/v2\/pages\/33\/revisions"}],"wp:attachment":[{"href":"https:\/\/www.hibeef.ch\/index.php?rest_route=%2Fwp%2Fv2%2Fmedia&parent=33"}],"curies":[{"name":"wp","href":"https:\/\/api.w.org\/{rel}","templated":true}]}}