{"id":43,"date":"2017-04-18T15:21:05","date_gmt":"2017-04-18T15:21:05","guid":{"rendered":"http:\/\/www.hibeef.ch\/?page_id=43"},"modified":"2017-04-18T15:21:22","modified_gmt":"2017-04-18T15:21:22","slug":"hochlandrinder-info","status":"publish","type":"page","link":"https:\/\/www.hibeef.ch\/?page_id=43","title":{"rendered":"Hochlandrinder Info"},"content":{"rendered":"<p>Das Schottische Hochlandrind, Highland Cattle oder Kyloe genannt, ist eine Rasse\u00a0 des Hausrindes. Sie war die \u00e4lteste registrierte Viehrasse, die ersten Tiere wurden 1884 registriert. Sie stammt aus dem Nordwesten Schottlands und von den Hebriden, wo sie seit Jahrhunderten durch nat\u00fcrliche Selektion die ihr zugeschriebenen Eigenschaften entwickelt hat \u2013 das kleinw\u00fcchsige und relativ leichte Hochlandrind gilt als gutm\u00fctig, robust und langlebig, es eignet sich f\u00fcr die ganzj\u00e4hrige Freilandhaltung auch auf f\u00fcr schwere Rinder ungeeigneten B\u00f6den (Mutterkuhhaltung), kalbt leicht und viel, auch ohne menschliche Hilfe. Es liefert mittelrahmige Milch und cholesterinarmes Fleisch.<\/p>\n","protected":false},"excerpt":{"rendered":"<p>Das Schottische Hochlandrind, Highland Cattle oder Kyloe genannt, ist eine Rasse\u00a0 des Hausrindes. Sie war die \u00e4lteste registrierte Viehrasse, die ersten Tiere wurden 1884 registriert. Sie stammt aus dem Nordwesten Schottlands und von den Hebriden, wo sie seit Jahrhunderten durch nat\u00fcrliche Selektion die ihr zugeschriebenen Eigenschaften entwickelt hat \u2013 das kleinw\u00fcchsige und relativ leichte Hochlandrind &hellip; <\/p>\n<p class=\"link-more\"><a href=\"https:\/\/www.hibeef.ch\/?page_id=43\" class=\"more-link\"><span class=\"screen-reader-text\">\u201eHochlandrinder Info\u201c<\/span> weiterlesen<\/a><\/p>\n","protected":false},"author":1,"featured_media":0,"parent":0,"menu_order":2,"comment_status":"closed","ping_status":"closed","template":"","meta":{"footnotes":""},"class_list":["post-43","page","type-page","status-publish","hentry"],"_links":{"self":[{"href":"https:\/\/www.hibeef.ch\/index.php?rest_route=\/wp\/v2\/pages\/43","targetHints":{"allow":["GET"]}}],"collection":[{"href":"https:\/\/www.hibeef.ch\/index.php?rest_route=\/wp\/v2\/pages"}],"about":[{"href":"https:\/\/www.hibeef.ch\/index.php?rest_route=\/wp\/v2\/types\/page"}],"author":[{"embeddable":true,"href":"https:\/\/www.hibeef.ch\/index.php?rest_route=\/wp\/v2\/users\/1"}],"replies":[{"embeddable":true,"href":"https:\/\/www.hibeef.ch\/index.php?rest_route=%2Fwp%2Fv2%2Fcomments&post=43"}],"version-history":[{"count":0,"href":"https:\/\/www.hibeef.ch\/index.php?rest_route=\/wp\/v2\/pages\/43\/revisions"}],"wp:attachment":[{"href":"https:\/\/www.hibeef.ch\/index.php?rest_route=%2Fwp%2Fv2%2Fmedia&parent=43"}],"curies":[{"name":"wp","href":"https:\/\/api.w.org\/{rel}","templated":true}]}}